{"id":1139,"date":"2016-06-25T11:20:34","date_gmt":"2016-06-25T11:20:34","guid":{"rendered":"http:\/\/intrarent.gr\/?page_id=1139"},"modified":"2024-04-05T16:03:54","modified_gmt":"2024-04-05T16:03:54","slug":"allgemeine-geschaeftsbedingungen","status":"publish","type":"page","link":"https:\/\/v2.intrarent.gr\/de\/jetzt-mieten\/allgemeine-geschaeftsbedingungen\/","title":{"rendered":"Allgemeine Gesch\u00e4ftsbedingungen"},"content":{"rendered":"<h1>Allgemeine Mietbedingungen<\/h1>\n<div class=\"page-header\"><\/div>\n<div>\n<p><strong>MINDESTALTER<\/strong>:<\/p>\n<p>F\u00fcr die Fahrzeuggruppen A, B, J und\u00a0V2\u00a0m\u00fcssen die Fahrer \u00fcber 23 Jahre alt sein. F\u00fcr alle anderen Fahrzeuggruppen gilt f\u00fcr die Fahrer ein Mindestalter von 31 Jahren.<\/p>\n<p><strong>F\u00dcHRERSCHEIN<\/strong>:<\/p>\n<p>Der Fahrer muss seit mindestens einem Jahr \u00fcber einen g\u00fcltigen F\u00fchrerschein verf\u00fcgen. Die Fahrerlaubnis muss griechisch, europ\u00e4isch (f\u00fcr EU-L\u00e4nder) oder international (f\u00fcr L\u00e4nder au\u00dferhalb der EU)<\/p>\n<p><strong>NACHFRIST<\/strong>:<\/p>\n<p>Am Ende der vereinbarten Mietzeit gew\u00e4hrt Intrarent eine kostenlose Nachfrist von 30 Minuten. Nach Ablauf dieser Frist wird dem Mieter eine Geb\u00fchr von mindestens einer vollen Tagesmiete berechnet.<\/p>\n<p><strong>VERKEHRSSTRAFEN<\/strong>:<\/p>\n<p>Alle sich aus dem Verhalten des Fahrers ergebenden Bu\u00dfgelder gehen ausschlie\u00dflich zulasten des Mieters.<\/p>\n<p><strong>HINTERLEGUNG EINER KAUTION:<\/strong><\/p>\n<p>Bei der Abholung des Fahrzeugs wird auf der Kreditkarte des Fahrzeuglenkers ein Kautionsbetrag vorautorisiert oder verrechnet, der bei Ablauf der Mietdauer in voller H\u00f6he erstattet wird, sofern keine weiteren Kosten anfallen. Bitte beachtet Sie, dass die Erstattung je nach ausstellender Bank der Kreditkarte bis zu 30 Tage in Anspruch nehmen kann.\u00a0Kautionsbetrag richtet sich jeweils nach der Fahrzeuggruppe.<\/p>\n<p><strong>VERSICHERUNG<\/strong>:<\/p>\n<p>Alle berechtigten Fahrer von Intrarent- Fahrzeugen sind gegen Feuersch\u00e4den am gemieteten Fahrzeug sowie durch eine Haftpflichtversicherung gegen Tod, Verletzungen und Sachsch\u00e4den Dritter abgesichert. Beide Deckungen unterliegen den AGB des zwischen\u00a0Intrarent und dessen Versicherer bestehenden Versicherungsvertrags.<\/p>\n<p><strong>HAFTUNGSBERSCHR\u00c4NKUNG (CDW-SCDW):<\/strong><\/p>\n<p>Die Haftung des Mieters f\u00fcr Sch\u00e4den am gemieteten Fahrzeug kann unter der Voraussetzung, dass nicht gegen das griechische Verkehrsgesetz versto\u00dfen wird, durch Zahlung von 12\u20ac bis 80\u20ac pro Tag auf eine Mindestbeteiligung in H\u00f6he von 600\u20ac bis 3,000\u20ac reduziert werden entsprechend der\u00a0Fahrzeuggruppe. Diese Deckung gilt nicht f\u00fcr Sch\u00e4den, die an der Fahrzeugunterseite, den R\u00e4dern und den Reifen entstehen.<\/p>\n<p><strong>DIEBSTAHLSCHUTZ (TP):<\/strong><\/p>\n<p>Der Diebstahlschutz ist eine optionale Zusatzleistung. Bei Wahl von TP wird die finanzielle Haftung des Mieters bei Gesamt-Diebstahl des Intrarent-Mietwagens durch Zahlung einer t\u00e4glichen Geb\u00fchr in H\u00f6he von 6\u20ac bis 40\u20ac pro Miettag, auf 600\u20ac bis 3,000\u20ac reduziert, entsprechend der Fahrzeuggruppe. Davon ausgeschlossen ist der Diebstahl beliebiger pers\u00f6nlicher Gegenst\u00e4nde.<\/p>\n<p><strong>PERS\u00d6NLICHE UNFALLVERSICHERUNG (PAC):<\/strong><\/p>\n<p>Gegen eine Geb\u00fchr von \u20ac8 pro Tag kann eine pers\u00f6nliche Unfallversicherung abgeschlossen werden, welche bis zu einer Grenze von \u20ac1.500 die Kosten f\u00fcr die medizinische Versorgung vom Fahrer deckt, die aus einem Unfall mit dem gemieteten Fahrzeug resultieren.<br \/>\nAu\u00dferdem sind Unfalltod und totale \/ teilweise permanente Invalidit\u00e4t durch einen Unfall mit dem gemieteten Fahrzeug bis zu einer Grenze von \u20ac50.000 abgedeckt.<\/p>\n<p><strong>UNFALLVERWALTUNGSGEB\u00dcHR (IAF):<\/strong><\/p>\n<p>Im Falle eines Unfalls ist der Mieter unabh\u00e4ngig von der Haftung des Mieters sowie wegen Verletzung der griechischen Stra\u00dfenverkehrsordnung verpflichtet, Intrarent eine nicht erstattungsf\u00e4hige Geb\u00fchr von 30 \u20ac + MwSt. zu zahlen, um die Verwaltungskosten zu decken.<\/p>\n<p><strong>ZUS\u00c4TZLICHE FAHRER<\/strong>:<\/p>\n<p>F\u00fcr jeden zus\u00e4tzlichen Fahrer ist eine Geb\u00fchr von \u20ac50 zu zahlen.<\/p>\n<p><strong>STEUERN<\/strong>:<\/p>\n<p>Alle angegebenen Tarife und Geb\u00fchren unterliegen der gesetzlichen Mehrwertsteuer<\/p>\n<p id=\"tw-target-text\" class=\"tw-data-text tw-text-large tw-ta\" dir=\"ltr\" data-placeholder=\"Translation\"><strong><span class=\"Y2IQFc\" lang=\"de\">GEB\u00dcHR F\u00dcR DIE LIEFERUNG ZUM FLUGHAFEN: <\/span><\/strong><\/p>\n<p class=\"tw-data-text tw-text-large tw-ta\" dir=\"ltr\" data-placeholder=\"Translation\"><span class=\"Y2IQFc\" lang=\"de\">Die Geb\u00fchr f\u00fcr den Athener Flughafen \u201eEL. VENIZELOS\u201c, kostet w\u00e4hrend der B\u00fcrozeiten 25 \u20ac.<\/span><\/p>\n<p><strong>WIEDERBETANKUNGSGEB\u00dcHR<\/strong>:<\/p>\n<p>18\u20ac<\/p>\n<p><strong>KINDERSITZE<\/strong>:<\/p>\n<p>Auf Anfrage erh\u00e4ltlich gegen eine Geb\u00fchr von \u20ac50.<\/p>\n<p><strong>SCHNEEKETTEN<\/strong>:<\/p>\n<p>Auf Anfrage erh\u00e4ltlich gegen eine Tagesgeb\u00fchr von \u20ac8 maximale Belastung von \u20ac50.<\/p>\n<p><strong>NAVIGATION &#8211; GPS<\/strong>:<\/p>\n<p>Auf Anfrage erh\u00e4ltlich gegen eine Tagesgeb\u00fchr von \u20ac8.<\/p>\n<p><strong>VERF\u00dcGBARKEIT DER FAHRZEUGMODELLE<\/strong>:<\/p>\n<p id=\"tw-target-text\" class=\"tw-data-text tw-text-large tw-ta\" dir=\"ltr\" data-placeholder=\"Translation\"><span class=\"Y2IQFc\" lang=\"de\">Das Unternehmen beh\u00e4lt sich das Recht vor, in besonderen F\u00e4llen den Fahrzeugtyp zu \u00e4ndern.<\/span><\/p>\n<p><strong>ABHOLUNG \/ ANLIEFERUNG<\/strong>:<\/p>\n<p>Abholung \/ Lieferung wird nach Absprache gegen Aufpreis berechnet.<\/p><\/div>\n<div><\/div>\n<div><strong>GRENZ\u00dcBERSCHREITENDE ANMIETUNG<\/strong>:<\/div>\n<div>Zul\u00e4ssig nur basierend auf einem vorherigen schriftlichen Genehmigung mit Intrarent.<\/div>\n<div>\n<p><strong>SCHIFFTRANSPORT:<\/strong><br \/>\nZul\u00e4ssig nur basierend auf einem vorherigen schriftlichen Genehmigung mit Intrarent.<\/p>\n<p><strong>STORNIERUNGEN<\/strong>:<\/p>\n<p id=\"tw-target-text\" class=\"tw-data-text tw-text-large tw-ta\" dir=\"ltr\" data-placeholder=\"Translation\"><span class=\"Y2IQFc\" lang=\"de\">Stornierungen von Reservierungen erfolgen nur schriftlich.<\/span><\/p>\n<div id=\"tw-target-text-container\" class=\"tw-ta-container F0azHf tw-nfl\" tabindex=\"0\">\n<p id=\"tw-target-text\" class=\"tw-data-text tw-text-large tw-ta\" dir=\"ltr\" data-placeholder=\"Translation\"><span class=\"Y2IQFc\" lang=\"de\">Bei einer Stornierung der Reservierung 30 Tage vor dem Abholungsdatum werden 20 % des Gesamtbetrags berechnet , 15 Tage vorher 30 % des Gesamtbetrags berechnet, 7 Tage vorher 50 % des Gesamtbetrags berechnet, 1 Tag vorher\u00a0 und Non Show 100 % des Gesamtbetrags berechnet.<\/span><\/p>\n<\/div>\n<div id=\"tw-target-rmn-container\" class=\"tw-target-rmn tw-ta-container F0azHf tw-nfl\">\n<pre id=\"tw-target-rmn\" class=\"tw-data-placeholder tw-text-small tw-ta\" dir=\"ltr\" data-placeholder=\"\"><\/pre>\n<\/div>\n<div class=\"iYB33c\">\n<div class=\"dlJLJe\">\n<div data-cviv=\"false\" data-ved=\"2ahUKEwirlKLflaj6AhWUQvEDHc3ADrAQz_AEegQIARAP\">\n<div class=\"U9URNb\"><img decoding=\"async\" id=\"dimg_3\" class=\"YQ4gaf zr758c wA1Bge\" src=\"data:image\/png;base64,iVBORw0KGgoAAAANSUhEUgAAABQAAAAUCAQAAAAngNWGAAAA\/0lEQVR4AYXNMSiEcRyA4cfmGHQbCZIipkuxnJgMStlMNmeyD2dwmc8+sZgxYJd9ErIZFHUyYYD7fkr6l4\/rnvmtl7+KitrqV\/fq2Y5eLY3Z9S48eRLe7BmVZ9qhTLhQ0algzZWQOVKSsCF8OjAnwbxDTWFDUhPK\/jMr1H6HE\/IqRky2DyvCefuwItwZzodVoYRiLqMkVCXrwpJ9twZ+sgfDYEFYl8wIWxZ9uFf7zkallxlJh4YrLGsKjZRx7VGHhLqwgFUN45DGdb8MeXGpgB4ABZdeDcpZEY51A+hyLKz4S1W4MQWm3AibWtgWmk6dyISa1pSdyWTOlLXVp0+eL9D\/ZPfBTNanAAAAAElFTkSuQmCC\" alt=\"Community Verified icon\" width=\"16\" height=\"16\" data-atf=\"0\" data-frt=\"0\" \/><\/div>\n<\/div>\n<\/div>\n<div id=\"tw-tmenu\" class=\"tw-menu\"><\/div>\n<\/div>\n<\/div>\n","protected":false},"excerpt":{"rendered":"<p>Allgemeine Mietbedingungen MINDESTALTER: F\u00fcr die Fahrzeuggruppen A, B, J und\u00a0V2\u00a0m\u00fcssen [&hellip;]<\/p>\n","protected":false},"author":1,"featured_media":0,"parent":1137,"menu_order":0,"comment_status":"closed","ping_status":"closed","template":"","meta":{"footnotes":""},"yoast_head":"<!-- This site is optimized with the Yoast SEO plugin v22.5 - https:\/\/yoast.com\/wordpress\/plugins\/seo\/ -->\n<title>Allgemeine Gesch\u00e4ftsbedingungen - INTRARENT Autovermietung<\/title>\n<meta name=\"robots\" content=\"noindex, follow, max-snippet:-1, max-image-preview:large, max-video-preview:-1\" \/>\n<meta property=\"og:locale\" content=\"de_DE\" \/>\n<meta property=\"og:type\" content=\"article\" \/>\n<meta property=\"og:title\" content=\"Allgemeine Gesch\u00e4ftsbedingungen - INTRARENT Autovermietung\" \/>\n<meta property=\"og:description\" content=\"Allgemeine Mietbedingungen MINDESTALTER: F\u00fcr die Fahrzeuggruppen A, B, J und\u00a0V2\u00a0m\u00fcssen [&hellip;]\" \/>\n<meta property=\"og:url\" content=\"https:\/\/v2.intrarent.gr\/de\/jetzt-mieten\/allgemeine-geschaeftsbedingungen\/\" \/>\n<meta property=\"og:site_name\" content=\"INTRARENT Autovermietung\" \/>\n<meta property=\"article:modified_time\" content=\"2024-04-05T16:03:54+00:00\" \/>\n<meta name=\"twitter:card\" content=\"summary_large_image\" \/>\n<meta name=\"twitter:label1\" content=\"Gesch\u00e4tzte Lesezeit\" \/>\n\t<meta name=\"twitter:data1\" content=\"3 Minuten\" \/>\n<script type=\"application\/ld+json\" class=\"yoast-schema-graph\">{\"@context\":\"https:\/\/schema.org\",\"@graph\":[{\"@type\":\"WebPage\",\"@id\":\"https:\/\/v2.intrarent.gr\/de\/jetzt-mieten\/allgemeine-geschaeftsbedingungen\/\",\"url\":\"https:\/\/v2.intrarent.gr\/de\/jetzt-mieten\/allgemeine-geschaeftsbedingungen\/\",\"name\":\"Allgemeine Gesch\u00e4ftsbedingungen - INTRARENT Autovermietung\",\"isPartOf\":{\"@id\":\"https:\/\/v2.intrarent.gr\/de\/#website\"},\"datePublished\":\"2016-06-25T11:20:34+00:00\",\"dateModified\":\"2024-04-05T16:03:54+00:00\",\"breadcrumb\":{\"@id\":\"https:\/\/v2.intrarent.gr\/de\/jetzt-mieten\/allgemeine-geschaeftsbedingungen\/#breadcrumb\"},\"inLanguage\":\"de-DE\",\"potentialAction\":[{\"@type\":\"ReadAction\",\"target\":[\"https:\/\/v2.intrarent.gr\/de\/jetzt-mieten\/allgemeine-geschaeftsbedingungen\/\"]}]},{\"@type\":\"BreadcrumbList\",\"@id\":\"https:\/\/v2.intrarent.gr\/de\/jetzt-mieten\/allgemeine-geschaeftsbedingungen\/#breadcrumb\",\"itemListElement\":[{\"@type\":\"ListItem\",\"position\":1,\"name\":\"Home\",\"item\":\"https:\/\/v2.intrarent.gr\/de\/\"},{\"@type\":\"ListItem\",\"position\":2,\"name\":\"Jetzt mieten\",\"item\":\"https:\/\/v2.intrarent.gr\/de\/jetzt-mieten\/\"},{\"@type\":\"ListItem\",\"position\":3,\"name\":\"Allgemeine Gesch\u00e4ftsbedingungen\"}]},{\"@type\":\"WebSite\",\"@id\":\"https:\/\/v2.intrarent.gr\/de\/#website\",\"url\":\"https:\/\/v2.intrarent.gr\/de\/\",\"name\":\"INTRARENT Autovermietung\",\"description\":\"\u0395\u03bd\u03bf\u03b9\u03ba\u03af\u03b1\u03c3\u03b7 \u03b1\u03c5\u03c4\u03bf\u03ba\u03b9\u03bd\u03ae\u03c4\u03bf\u03c5 \u0391\u03b8\u03ae\u03bd\u03b1. \u0395\u03bd\u03bf\u03b9\u03ba\u03b9\u03ac\u03c3\u03b5\u03b9\u03c2 \u03b1\u03c5\u03c4\u03bf\u03ba\u03b9\u03bd\u03ae\u03c4\u03c9\u03bd \u03b1\u03c0\u03cc \u03c4\u03b7\u03bd Intrarent \u03b7 \u03bf\u03c0\u03bf\u03af\u03b1 \u03c0\u03c1\u03bf\u03c3\u03c6\u03ad\u03c1\u03b5\u03b9 \u03c3\u03c4\u03bf\u03c5\u03c2 \u03c0\u03b5\u03bb\u03ac\u03c4\u03b5\u03c2 \u03c4\u03b7\u03c2 \u03b1\u03be\u03b9\u03cc\u03c0\u03b9\u03c3\u03c4\u03b5\u03c2 \u03ba\u03b1\u03b9 \u03bf\u03bb\u03bf\u03ba\u03bb\u03b7\u03c1\u03c9\u03bc\u03ad\u03bd\u03b5\u03c2 \u03bb\u03cd\u03c3\u03b5\u03b9\u03c2 \u03c3\u03c4\u03bf\u03bd \u03c4\u03bf\u03bc\u03ad\u03b1 \u03c4\u03c9\u03bd \u03bc\u03b5\u03c4\u03b1\u03ba\u03b9\u03bd\u03ae\u03c3\u03b5\u03c9\u03bd!\",\"potentialAction\":[{\"@type\":\"SearchAction\",\"target\":{\"@type\":\"EntryPoint\",\"urlTemplate\":\"https:\/\/v2.intrarent.gr\/de\/?s={search_term_string}\"},\"query-input\":\"required name=search_term_string\"}],\"inLanguage\":\"de-DE\"}]}<\/script>\n<!-- \/ Yoast SEO plugin. -->","yoast_head_json":{"title":"Allgemeine Gesch\u00e4ftsbedingungen - INTRARENT Autovermietung","robots":{"index":"noindex","follow":"follow","max-snippet":"max-snippet:-1","max-image-preview":"max-image-preview:large","max-video-preview":"max-video-preview:-1"},"og_locale":"de_DE","og_type":"article","og_title":"Allgemeine Gesch\u00e4ftsbedingungen - INTRARENT Autovermietung","og_description":"Allgemeine Mietbedingungen MINDESTALTER: F\u00fcr die Fahrzeuggruppen A, B, J und\u00a0V2\u00a0m\u00fcssen [&hellip;]","og_url":"https:\/\/v2.intrarent.gr\/de\/jetzt-mieten\/allgemeine-geschaeftsbedingungen\/","og_site_name":"INTRARENT Autovermietung","article_modified_time":"2024-04-05T16:03:54+00:00","twitter_card":"summary_large_image","twitter_misc":{"Gesch\u00e4tzte Lesezeit":"3 Minuten"},"schema":{"@context":"https:\/\/schema.org","@graph":[{"@type":"WebPage","@id":"https:\/\/v2.intrarent.gr\/de\/jetzt-mieten\/allgemeine-geschaeftsbedingungen\/","url":"https:\/\/v2.intrarent.gr\/de\/jetzt-mieten\/allgemeine-geschaeftsbedingungen\/","name":"Allgemeine Gesch\u00e4ftsbedingungen - INTRARENT Autovermietung","isPartOf":{"@id":"https:\/\/v2.intrarent.gr\/de\/#website"},"datePublished":"2016-06-25T11:20:34+00:00","dateModified":"2024-04-05T16:03:54+00:00","breadcrumb":{"@id":"https:\/\/v2.intrarent.gr\/de\/jetzt-mieten\/allgemeine-geschaeftsbedingungen\/#breadcrumb"},"inLanguage":"de-DE","potentialAction":[{"@type":"ReadAction","target":["https:\/\/v2.intrarent.gr\/de\/jetzt-mieten\/allgemeine-geschaeftsbedingungen\/"]}]},{"@type":"BreadcrumbList","@id":"https:\/\/v2.intrarent.gr\/de\/jetzt-mieten\/allgemeine-geschaeftsbedingungen\/#breadcrumb","itemListElement":[{"@type":"ListItem","position":1,"name":"Home","item":"https:\/\/v2.intrarent.gr\/de\/"},{"@type":"ListItem","position":2,"name":"Jetzt mieten","item":"https:\/\/v2.intrarent.gr\/de\/jetzt-mieten\/"},{"@type":"ListItem","position":3,"name":"Allgemeine Gesch\u00e4ftsbedingungen"}]},{"@type":"WebSite","@id":"https:\/\/v2.intrarent.gr\/de\/#website","url":"https:\/\/v2.intrarent.gr\/de\/","name":"INTRARENT Autovermietung","description":"\u0395\u03bd\u03bf\u03b9\u03ba\u03af\u03b1\u03c3\u03b7 \u03b1\u03c5\u03c4\u03bf\u03ba\u03b9\u03bd\u03ae\u03c4\u03bf\u03c5 \u0391\u03b8\u03ae\u03bd\u03b1. \u0395\u03bd\u03bf\u03b9\u03ba\u03b9\u03ac\u03c3\u03b5\u03b9\u03c2 \u03b1\u03c5\u03c4\u03bf\u03ba\u03b9\u03bd\u03ae\u03c4\u03c9\u03bd \u03b1\u03c0\u03cc \u03c4\u03b7\u03bd Intrarent \u03b7 \u03bf\u03c0\u03bf\u03af\u03b1 \u03c0\u03c1\u03bf\u03c3\u03c6\u03ad\u03c1\u03b5\u03b9 \u03c3\u03c4\u03bf\u03c5\u03c2 \u03c0\u03b5\u03bb\u03ac\u03c4\u03b5\u03c2 \u03c4\u03b7\u03c2 \u03b1\u03be\u03b9\u03cc\u03c0\u03b9\u03c3\u03c4\u03b5\u03c2 \u03ba\u03b1\u03b9 \u03bf\u03bb\u03bf\u03ba\u03bb\u03b7\u03c1\u03c9\u03bc\u03ad\u03bd\u03b5\u03c2 \u03bb\u03cd\u03c3\u03b5\u03b9\u03c2 \u03c3\u03c4\u03bf\u03bd \u03c4\u03bf\u03bc\u03ad\u03b1 \u03c4\u03c9\u03bd \u03bc\u03b5\u03c4\u03b1\u03ba\u03b9\u03bd\u03ae\u03c3\u03b5\u03c9\u03bd!","potentialAction":[{"@type":"SearchAction","target":{"@type":"EntryPoint","urlTemplate":"https:\/\/v2.intrarent.gr\/de\/?s={search_term_string}"},"query-input":"required name=search_term_string"}],"inLanguage":"de-DE"}]}},"amp_enabled":true,"_links":{"self":[{"href":"https:\/\/v2.intrarent.gr\/de\/wp-json\/wp\/v2\/pages\/1139"}],"collection":[{"href":"https:\/\/v2.intrarent.gr\/de\/wp-json\/wp\/v2\/pages"}],"about":[{"href":"https:\/\/v2.intrarent.gr\/de\/wp-json\/wp\/v2\/types\/page"}],"author":[{"embeddable":true,"href":"https:\/\/v2.intrarent.gr\/de\/wp-json\/wp\/v2\/users\/1"}],"replies":[{"embeddable":true,"href":"https:\/\/v2.intrarent.gr\/de\/wp-json\/wp\/v2\/comments?post=1139"}],"version-history":[{"count":6,"href":"https:\/\/v2.intrarent.gr\/de\/wp-json\/wp\/v2\/pages\/1139\/revisions"}],"predecessor-version":[{"id":1399,"href":"https:\/\/v2.intrarent.gr\/de\/wp-json\/wp\/v2\/pages\/1139\/revisions\/1399"}],"up":[{"embeddable":true,"href":"https:\/\/v2.intrarent.gr\/de\/wp-json\/wp\/v2\/pages\/1137"}],"wp:attachment":[{"href":"https:\/\/v2.intrarent.gr\/de\/wp-json\/wp\/v2\/media?parent=1139"}],"curies":[{"name":"wp","href":"https:\/\/api.w.org\/{rel}","templated":true}]}}